{"id":14,"date":"2016-04-06T16:51:37","date_gmt":"2016-04-06T16:51:37","guid":{"rendered":"http:\/\/mcfischer.de\/wp\/?page_id=14"},"modified":"2016-04-07T17:16:55","modified_gmt":"2016-04-07T15:16:55","slug":"computer","status":"publish","type":"page","link":"https:\/\/www.mcfischer.de\/?page_id=14","title":{"rendered":"Computer"},"content":{"rendered":"<ul>\n<\/ul>\n<ul>\n<li>&#8222;spinnt&#8220; Ihr PC schon wieder einmal und Sie wissen nicht warum?<\/li>\n<li>m\u00f6chten Sie einen Rechner nach ihren eigenen W\u00fcnschen und Bed\u00fcrfnissen zusammengestellt haben?<\/li>\n<li>brauchen sie Hilfe bei der Installation von Programmen?<\/li>\n<\/ul>\n<p><strong>Ich mache Ihren PC oder Notebook flott!<\/strong><\/p>\n","protected":false},"excerpt":{"rendered":"<p>&#8222;spinnt&#8220; Ihr PC schon wieder einmal und Sie wissen nicht warum? m\u00f6chten Sie einen Rechner nach ihren eigenen W\u00fcnschen und Bed\u00fcrfnissen zusammengestellt haben? brauchen sie Hilfe bei der Installation von Programmen? Ich mache Ihren PC oder Notebook flott!<\/p>\n","protected":false},"author":1,"featured_media":0,"parent":0,"menu_order":0,"comment_status":"closed","ping_status":"closed","template":"template-pagewithsidebar.php","meta":{"footnotes":""},"class_list":["post-14","page","type-page","status-publish","hentry"],"_links":{"self":[{"href":"https:\/\/www.mcfischer.de\/index.php?rest_route=\/wp\/v2\/pages\/14","targetHints":{"allow":["GET"]}}],"collection":[{"href":"https:\/\/www.mcfischer.de\/index.php?rest_route=\/wp\/v2\/pages"}],"about":[{"href":"https:\/\/www.mcfischer.de\/index.php?rest_route=\/wp\/v2\/types\/page"}],"author":[{"embeddable":true,"href":"https:\/\/www.mcfischer.de\/index.php?rest_route=\/wp\/v2\/users\/1"}],"replies":[{"embeddable":true,"href":"https:\/\/www.mcfischer.de\/index.php?rest_route=%2Fwp%2Fv2%2Fcomments&post=14"}],"version-history":[{"count":2,"href":"https:\/\/www.mcfischer.de\/index.php?rest_route=\/wp\/v2\/pages\/14\/revisions"}],"predecessor-version":[{"id":48,"href":"https:\/\/www.mcfischer.de\/index.php?rest_route=\/wp\/v2\/pages\/14\/revisions\/48"}],"wp:attachment":[{"href":"https:\/\/www.mcfischer.de\/index.php?rest_route=%2Fwp%2Fv2%2Fmedia&parent=14"}],"curies":[{"name":"wp","href":"https:\/\/api.w.org\/{rel}","templated":true}]}}