{"id":10,"date":"2016-04-06T16:50:50","date_gmt":"2016-04-06T16:50:50","guid":{"rendered":"http:\/\/mcfischer.de\/wp\/?page_id=10"},"modified":"2016-08-12T07:12:34","modified_gmt":"2016-08-12T05:12:34","slug":"dslisdn","status":"publish","type":"page","link":"https:\/\/www.mcfischer.de\/?page_id=10","title":{"rendered":"DSL &#038; ISDN"},"content":{"rendered":"<ul>\n<\/ul>\n<ul>\n<li>Brauchen Sie Hilfe bei der Installation von ISDN bei Ihnen zu Hause oder im B\u00fcro?<\/li>\n<li>Suchen Sie jemanden, der sich mit der DSL-Einrichtung auskennt?<\/li>\n<li>Was sind zur zeit die besten Internet-Tarife?<\/li>\n<\/ul>\n<p style=\"text-align: justify;\"><strong>Schreiben Sie uns! Wir helfen Ihnen gerne weiter!<\/strong> <strong>\u00dcbrigens: schon gewusst?<\/strong> f\u00fcr 10 Euro monatlich unbegrenzt telefonieren m\u00f6glich!<\/p>\n","protected":false},"excerpt":{"rendered":"<p>Brauchen Sie Hilfe bei der Installation von ISDN bei Ihnen zu Hause oder im B\u00fcro? Suchen Sie jemanden, der sich mit der DSL-Einrichtung auskennt? Was sind zur zeit die besten Internet-Tarife? Schreiben Sie uns! Wir helfen Ihnen gerne weiter! \u00dcbrigens: schon gewusst? f\u00fcr 10 Euro monatlich unbegrenzt telefonieren m\u00f6glich!<\/p>\n","protected":false},"author":1,"featured_media":0,"parent":0,"menu_order":0,"comment_status":"closed","ping_status":"closed","template":"template-pagewithsidebar.php","meta":{"footnotes":""},"class_list":["post-10","page","type-page","status-publish","hentry"],"_links":{"self":[{"href":"https:\/\/www.mcfischer.de\/index.php?rest_route=\/wp\/v2\/pages\/10","targetHints":{"allow":["GET"]}}],"collection":[{"href":"https:\/\/www.mcfischer.de\/index.php?rest_route=\/wp\/v2\/pages"}],"about":[{"href":"https:\/\/www.mcfischer.de\/index.php?rest_route=\/wp\/v2\/types\/page"}],"author":[{"embeddable":true,"href":"https:\/\/www.mcfischer.de\/index.php?rest_route=\/wp\/v2\/users\/1"}],"replies":[{"embeddable":true,"href":"https:\/\/www.mcfischer.de\/index.php?rest_route=%2Fwp%2Fv2%2Fcomments&post=10"}],"version-history":[{"count":3,"href":"https:\/\/www.mcfischer.de\/index.php?rest_route=\/wp\/v2\/pages\/10\/revisions"}],"predecessor-version":[{"id":82,"href":"https:\/\/www.mcfischer.de\/index.php?rest_route=\/wp\/v2\/pages\/10\/revisions\/82"}],"wp:attachment":[{"href":"https:\/\/www.mcfischer.de\/index.php?rest_route=%2Fwp%2Fv2%2Fmedia&parent=10"}],"curies":[{"name":"wp","href":"https:\/\/api.w.org\/{rel}","templated":true}]}}